{"id":11,"date":"2021-10-25T14:21:39","date_gmt":"2021-10-25T14:21:39","guid":{"rendered":"https:\/\/simunovic.cl\/wp\/?page_id=11"},"modified":"2021-11-08T14:16:10","modified_gmt":"2021-11-08T14:16:10","slug":"nosotros","status":"publish","type":"page","link":"https:\/\/simunovic.cl\/wp\/nosotros\/","title":{"rendered":"Nosotros"},"content":{"rendered":"\n<p>En el extremo sur de Am\u00e9rica, en la zona m\u00e1s austral de Chile y junto al Estrecho de Magallanes se sit\u00faa Punta Arenas, ciudad que fue cuna de un empresario con una gran visi\u00f3n de futuro llamado llamado Nicol\u00e1s Simunovic Sapunar. Hijo de inmigrantes croatas, este enamorado de la Patagonia desarrolla sus inquietudes empresariales a trav\u00e9s de la producci\u00f3n<\/p>\n\n\n\n<p>ovina. Es as\u00ed como en 1958 nace \u201cIndustria de Cueros y Lanas Magallanes\u201d, picladero y exportaci\u00f3n de cueros y de lanas slipe. Menos de treinta a\u00f1os despu\u00e9s y junto a sus hijos, Nicol\u00e1s Simunovic integra un moderno matadero frigor\u00edfico de avanzada tecnolog\u00eda, ampli\u00e1ndose entonces a la faena de corderos. As\u00ed nace el llamado Frigor\u00edfico Simunovic S.A. que hoy, incluye en su producci\u00f3n, la faena y comercializaci\u00f3n de carne bovina adem\u00e1s de la ovina y sus subproductos<\/p>\n\n\n\n<p>La regi\u00f3n de Magallanes es una zona aislada del resto de Chile por sus caracter\u00edsticas geogr\u00e1ficas. Posee un clima fr\u00edo y libre de contaminaci\u00f3n que se puede sentir en sus extensas praderas con r\u00edos que son fuentes de agua cristalina que nacen de glaciares milenarios. En este ambiente libre de qu\u00edmicos y pesticidas, se cr\u00edan animales sanos, ideales para la producci\u00f3n bovina y ovina. Las carnes producidas por <strong>Frigor\u00edfico Simunovic<\/strong> se caracterizan por ser tiernas y magras, de gran aceptaci\u00f3n en el mercado internacional.<\/p>\n","protected":false},"excerpt":{"rendered":"<p>En el extremo sur de Am\u00e9rica, en la zona m\u00e1s austral de Chile y junto al Estrecho de Magallanes se [&hellip;]<\/p>\n","protected":false},"author":1,"featured_media":0,"parent":0,"menu_order":0,"comment_status":"closed","ping_status":"closed","template":"","meta":{"footnotes":""},"class_list":["post-11","page","type-page","status-publish","hentry"],"_links":{"self":[{"href":"https:\/\/simunovic.cl\/wp\/wp-json\/wp\/v2\/pages\/11","targetHints":{"allow":["GET"]}}],"collection":[{"href":"https:\/\/simunovic.cl\/wp\/wp-json\/wp\/v2\/pages"}],"about":[{"href":"https:\/\/simunovic.cl\/wp\/wp-json\/wp\/v2\/types\/page"}],"author":[{"embeddable":true,"href":"https:\/\/simunovic.cl\/wp\/wp-json\/wp\/v2\/users\/1"}],"replies":[{"embeddable":true,"href":"https:\/\/simunovic.cl\/wp\/wp-json\/wp\/v2\/comments?post=11"}],"version-history":[{"count":2,"href":"https:\/\/simunovic.cl\/wp\/wp-json\/wp\/v2\/pages\/11\/revisions"}],"predecessor-version":[{"id":15,"href":"https:\/\/simunovic.cl\/wp\/wp-json\/wp\/v2\/pages\/11\/revisions\/15"}],"wp:attachment":[{"href":"https:\/\/simunovic.cl\/wp\/wp-json\/wp\/v2\/media?parent=11"}],"curies":[{"name":"wp","href":"https:\/\/api.w.org\/{rel}","templated":true}]}}